{"id":876,"date":"2021-04-04T21:48:48","date_gmt":"2021-04-04T18:48:48","guid":{"rendered":"https:\/\/www.cm.upt.ro\/?page_id=876"},"modified":"2022-05-27T09:18:13","modified_gmt":"2022-05-27T06:18:13","slug":"infrastructura-de-cercetare","status":"publish","type":"page","link":"https:\/\/cm.upt.ro\/ro_ro\/infrastructura-de-cercetare\/","title":{"rendered":"Infrastructura de cercetare"},"content":{"rendered":"\t\t<div data-elementor-type=\"wp-page\" data-elementor-id=\"876\" class=\"elementor elementor-876\">\n\t\t\t\t\t\t<section class=\"elementor-section elementor-top-section elementor-element elementor-element-1e0cf41 elementor-section-boxed elementor-section-height-default elementor-section-height-default\" data-id=\"1e0cf41\" data-element_type=\"section\" data-e-type=\"section\">\n\t\t\t\t\t\t<div class=\"elementor-container elementor-column-gap-default\">\n\t\t\t\t\t<div class=\"elementor-column elementor-col-100 elementor-top-column elementor-element elementor-element-6b1c84c\" data-id=\"6b1c84c\" data-element_type=\"column\" data-e-type=\"column\">\n\t\t\t<div class=\"elementor-widget-wrap elementor-element-populated\">\n\t\t\t\t\t\t<div class=\"elementor-element elementor-element-16cb69c elementor-widget elementor-widget-text-editor\" data-id=\"16cb69c\" data-element_type=\"widget\" data-e-type=\"widget\" data-widget_type=\"text-editor.default\">\n\t\t\t\t<div class=\"elementor-widget-container\">\n\t\t\t\t\t\t\t\t\t<p>List\u0103 \u00een curs de actualizare &#8230;<\/p>\n\t\t\t\t\t\t\t\t<\/div>\n\t\t\t\t<\/div>\n\t\t\t\t<div class=\"elementor-element elementor-element-55c0db9 gallery-spacing-custom elementor-widget elementor-widget-image-gallery\" data-id=\"55c0db9\" data-element_type=\"widget\" data-e-type=\"widget\" data-widget_type=\"image-gallery.default\">\n\t\t\t\t<div class=\"elementor-widget-container\">\n\t\t\t\t\t\t\t<div class=\"elementor-image-gallery\">\n\t\t\t<div id='gallery-1' class='gallery galleryid-876 gallery-columns-4 gallery-size-full'><figure class='gallery-item'>\n\t\t\t<div class='gallery-icon landscape'>\n\t\t\t\t<a data-elementor-open-lightbox=\"yes\" data-elementor-lightbox-slideshow=\"55c0db9\" data-elementor-lightbox-title=\"Ochelari de realitate mixt\u0103 Hololens 2\" data-e-action-hash=\"#elementor-action%3Aaction%3Dlightbox%26settings%3DeyJpZCI6MjQ3MSwidXJsIjoiaHR0cHM6XC9cL2NtLnVwdC5yb1wvd3AtY29udGVudFwvdXBsb2Fkc1wvMjAyMlwvMDFcL0hvbG9sZW5zMi5qcGciLCJzbGlkZXNob3ciOiI1NWMwZGI5In0%3D\" href='https:\/\/cm.upt.ro\/wp-content\/uploads\/2022\/01\/Hololens2.jpg'><img fetchpriority=\"high\" decoding=\"async\" width=\"4498\" height=\"2999\" src=\"https:\/\/cm.upt.ro\/wp-content\/uploads\/2022\/01\/Hololens2.jpg\" class=\"attachment-full size-full\" alt=\"\" aria-describedby=\"gallery-1-2471\" \/><\/a>\n\t\t\t<\/div>\n\t\t\t\t<figcaption class='wp-caption-text gallery-caption' id='gallery-1-2471'>\n\t\t\t\tOchelari de realitate mixt\u0103 Hololens 2\n\t\t\t\t<\/figcaption><\/figure><figure class='gallery-item'>\n\t\t\t<div class='gallery-icon landscape'>\n\t\t\t\t<a data-elementor-open-lightbox=\"yes\" data-elementor-lightbox-slideshow=\"55c0db9\" data-elementor-lightbox-title=\"Ochelari de realitate virtual\u0103 Oculus Rift\" data-e-action-hash=\"#elementor-action%3Aaction%3Dlightbox%26settings%3DeyJpZCI6MjQ3MCwidXJsIjoiaHR0cHM6XC9cL2NtLnVwdC5yb1wvd3AtY29udGVudFwvdXBsb2Fkc1wvMjAyMlwvMDFcL09jdWx1c19SaWZ0LmpwZyIsInNsaWRlc2hvdyI6IjU1YzBkYjkifQ%3D%3D\" href='https:\/\/cm.upt.ro\/wp-content\/uploads\/2022\/01\/Oculus_Rift.jpg'><img decoding=\"async\" width=\"3790\" height=\"2527\" src=\"https:\/\/cm.upt.ro\/wp-content\/uploads\/2022\/01\/Oculus_Rift.jpg\" class=\"attachment-full size-full\" alt=\"\" aria-describedby=\"gallery-1-2470\" \/><\/a>\n\t\t\t<\/div>\n\t\t\t\t<figcaption class='wp-caption-text gallery-caption' id='gallery-1-2470'>\n\t\t\t\tOchelari de realitate virtual\u0103 Oculus Rift\n\t\t\t\t<\/figcaption><\/figure><figure class='gallery-item'>\n\t\t\t<div class='gallery-icon landscape'>\n\t\t\t\t<a data-elementor-open-lightbox=\"yes\" data-elementor-lightbox-slideshow=\"55c0db9\" data-elementor-lightbox-title=\"Ochelari de realitate virtual\u0103 Oculus Quest 2\" data-e-action-hash=\"#elementor-action%3Aaction%3Dlightbox%26settings%3DeyJpZCI6MjQ2OSwidXJsIjoiaHR0cHM6XC9cL2NtLnVwdC5yb1wvd3AtY29udGVudFwvdXBsb2Fkc1wvMjAyMlwvMDFcL09jdWx1c19RdWVzdDIuanBnIiwic2xpZGVzaG93IjoiNTVjMGRiOSJ9\" href='https:\/\/cm.upt.ro\/wp-content\/uploads\/2022\/01\/Oculus_Quest2.jpg'><img decoding=\"async\" width=\"4147\" height=\"2765\" src=\"https:\/\/cm.upt.ro\/wp-content\/uploads\/2022\/01\/Oculus_Quest2.jpg\" class=\"attachment-full size-full\" alt=\"\" aria-describedby=\"gallery-1-2469\" \/><\/a>\n\t\t\t<\/div>\n\t\t\t\t<figcaption class='wp-caption-text gallery-caption' id='gallery-1-2469'>\n\t\t\t\tOchelari de realitate virtual\u0103 Oculus Quest 2\n\t\t\t\t<\/figcaption><\/figure><figure class='gallery-item'>\n\t\t\t<div class='gallery-icon landscape'>\n\t\t\t\t<a data-elementor-open-lightbox=\"yes\" data-elementor-lightbox-slideshow=\"55c0db9\" data-elementor-lightbox-title=\"Ochelari de realitate augmentat\u0103 Merge Cube\" data-e-action-hash=\"#elementor-action%3Aaction%3Dlightbox%26settings%3DeyJpZCI6MjQ2OCwidXJsIjoiaHR0cHM6XC9cL2NtLnVwdC5yb1wvd3AtY29udGVudFwvdXBsb2Fkc1wvMjAyMlwvMDFcL01lcmdlX0N1YmUuanBnIiwic2xpZGVzaG93IjoiNTVjMGRiOSJ9\" href='https:\/\/cm.upt.ro\/wp-content\/uploads\/2022\/01\/Merge_Cube.jpg'><img loading=\"lazy\" decoding=\"async\" width=\"1872\" height=\"1248\" src=\"https:\/\/cm.upt.ro\/wp-content\/uploads\/2022\/01\/Merge_Cube.jpg\" class=\"attachment-full size-full\" alt=\"\" aria-describedby=\"gallery-1-2468\" \/><\/a>\n\t\t\t<\/div>\n\t\t\t\t<figcaption class='wp-caption-text gallery-caption' id='gallery-1-2468'>\n\t\t\t\tOchelari de realitate augmentat\u0103 Merge Cube\n\t\t\t\t<\/figcaption><\/figure>\n\t\t<\/div>\n\t\t<\/div>\n\t\t\t\t\t\t<\/div>\n\t\t\t\t<\/div>\n\t\t\t\t\t<\/div>\n\t\t<\/div>\n\t\t\t\t\t<\/div>\n\t\t<\/section>\n\t\t\t\t<\/div>\n\t\t","protected":false},"excerpt":{"rendered":"<p>List\u0103 \u00een curs de actualizare &#8230; Ochelari de realitate mixt\u0103 Hololens 2 Ochelari de realitate virtual\u0103 Oculus Rift Ochelari de realitate virtual\u0103 Oculus Quest 2 Ochelari de realitate augmentat\u0103 Merge Cube<\/p>\n","protected":false},"author":5,"featured_media":0,"parent":0,"menu_order":0,"comment_status":"closed","ping_status":"closed","template":"","meta":{"cybocfi_hide_featured_image":"","footnotes":""},"class_list":["post-876","page","type-page","status-publish","hentry"],"yoast_head":"<!-- This site is optimized with the Yoast SEO plugin v27.3 - https:\/\/yoast.com\/product\/yoast-seo-wordpress\/ -->\n<title>Infrastructura de cercetare - Centrul Multimedia<\/title>\n<meta name=\"robots\" content=\"index, follow, max-snippet:-1, max-image-preview:large, max-video-preview:-1\" \/>\n<link rel=\"canonical\" href=\"https:\/\/cm.upt.ro\/ro_ro\/infrastructura-de-cercetare\/\" \/>\n<meta property=\"og:locale\" content=\"ro_RO\" \/>\n<meta property=\"og:type\" content=\"article\" \/>\n<meta property=\"og:title\" content=\"Infrastructura de cercetare - Centrul Multimedia\" \/>\n<meta property=\"og:description\" content=\"List\u0103 \u00een curs de actualizare &#8230; Ochelari de realitate mixt\u0103 Hololens 2 Ochelari de realitate virtual\u0103 Oculus Rift Ochelari de realitate virtual\u0103 Oculus Quest 2 Ochelari de realitate augmentat\u0103 Merge Cube\" \/>\n<meta property=\"og:url\" content=\"https:\/\/cm.upt.ro\/ro_ro\/infrastructura-de-cercetare\/\" \/>\n<meta property=\"og:site_name\" content=\"Centrul Multimedia\" \/>\n<meta property=\"article:modified_time\" content=\"2022-05-27T06:18:13+00:00\" \/>\n<meta property=\"og:image\" content=\"https:\/\/cm.upt.ro\/wp-content\/uploads\/2022\/01\/Hololens2.jpg\" \/>\n<meta name=\"twitter:card\" content=\"summary_large_image\" \/>\n<meta name=\"twitter:label1\" content=\"Timp estimat pentru citire\" \/>\n\t<meta name=\"twitter:data1\" content=\"1 minut\" \/>\n<script type=\"application\/ld+json\" class=\"yoast-schema-graph\">{\"@context\":\"https:\\\/\\\/schema.org\",\"@graph\":[{\"@type\":\"WebPage\",\"@id\":\"https:\\\/\\\/cm.upt.ro\\\/infrastructura-de-cercetare\\\/\",\"url\":\"https:\\\/\\\/cm.upt.ro\\\/infrastructura-de-cercetare\\\/\",\"name\":\"Infrastructura de cercetare - Centrul Multimedia\",\"isPartOf\":{\"@id\":\"https:\\\/\\\/cm.upt.ro\\\/ro_ro\\\/#website\"},\"primaryImageOfPage\":{\"@id\":\"https:\\\/\\\/cm.upt.ro\\\/infrastructura-de-cercetare\\\/#primaryimage\"},\"image\":{\"@id\":\"https:\\\/\\\/cm.upt.ro\\\/infrastructura-de-cercetare\\\/#primaryimage\"},\"thumbnailUrl\":\"https:\\\/\\\/cm.upt.ro\\\/wp-content\\\/uploads\\\/2022\\\/01\\\/Hololens2.jpg\",\"datePublished\":\"2021-04-04T18:48:48+00:00\",\"dateModified\":\"2022-05-27T06:18:13+00:00\",\"breadcrumb\":{\"@id\":\"https:\\\/\\\/cm.upt.ro\\\/infrastructura-de-cercetare\\\/#breadcrumb\"},\"inLanguage\":\"ro-RO\",\"potentialAction\":[{\"@type\":\"ReadAction\",\"target\":[\"https:\\\/\\\/cm.upt.ro\\\/infrastructura-de-cercetare\\\/\"]}]},{\"@type\":\"ImageObject\",\"inLanguage\":\"ro-RO\",\"@id\":\"https:\\\/\\\/cm.upt.ro\\\/infrastructura-de-cercetare\\\/#primaryimage\",\"url\":\"https:\\\/\\\/cm.upt.ro\\\/wp-content\\\/uploads\\\/2022\\\/01\\\/Hololens2.jpg\",\"contentUrl\":\"https:\\\/\\\/cm.upt.ro\\\/wp-content\\\/uploads\\\/2022\\\/01\\\/Hololens2.jpg\"},{\"@type\":\"BreadcrumbList\",\"@id\":\"https:\\\/\\\/cm.upt.ro\\\/infrastructura-de-cercetare\\\/#breadcrumb\",\"itemListElement\":[{\"@type\":\"ListItem\",\"position\":1,\"name\":\"Prima pagin\u0103\",\"item\":\"https:\\\/\\\/cm.upt.ro\\\/\"},{\"@type\":\"ListItem\",\"position\":2,\"name\":\"Infrastructura de cercetare\"}]},{\"@type\":\"WebSite\",\"@id\":\"https:\\\/\\\/cm.upt.ro\\\/ro_ro\\\/#website\",\"url\":\"https:\\\/\\\/cm.upt.ro\\\/ro_ro\\\/\",\"name\":\"Centrul Multimedia\",\"description\":\"Oferim acces la tehnologiile informationale studentilor, colaboratorilor si membrilor comunitatilor din care facem parte.\",\"potentialAction\":[{\"@type\":\"SearchAction\",\"target\":{\"@type\":\"EntryPoint\",\"urlTemplate\":\"https:\\\/\\\/cm.upt.ro\\\/ro_ro\\\/?s={search_term_string}\"},\"query-input\":{\"@type\":\"PropertyValueSpecification\",\"valueRequired\":true,\"valueName\":\"search_term_string\"}}],\"inLanguage\":\"ro-RO\"}]}<\/script>\n<!-- \/ Yoast SEO plugin. -->","yoast_head_json":{"title":"Infrastructura de cercetare - Centrul Multimedia","robots":{"index":"index","follow":"follow","max-snippet":"max-snippet:-1","max-image-preview":"max-image-preview:large","max-video-preview":"max-video-preview:-1"},"canonical":"https:\/\/cm.upt.ro\/ro_ro\/infrastructura-de-cercetare\/","og_locale":"ro_RO","og_type":"article","og_title":"Infrastructura de cercetare - Centrul Multimedia","og_description":"List\u0103 \u00een curs de actualizare &#8230; Ochelari de realitate mixt\u0103 Hololens 2 Ochelari de realitate virtual\u0103 Oculus Rift Ochelari de realitate virtual\u0103 Oculus Quest 2 Ochelari de realitate augmentat\u0103 Merge Cube","og_url":"https:\/\/cm.upt.ro\/ro_ro\/infrastructura-de-cercetare\/","og_site_name":"Centrul Multimedia","article_modified_time":"2022-05-27T06:18:13+00:00","og_image":[{"url":"https:\/\/cm.upt.ro\/wp-content\/uploads\/2022\/01\/Hololens2.jpg","type":"","width":"","height":""}],"twitter_card":"summary_large_image","twitter_misc":{"Timp estimat pentru citire":"1 minut"},"schema":{"@context":"https:\/\/schema.org","@graph":[{"@type":"WebPage","@id":"https:\/\/cm.upt.ro\/infrastructura-de-cercetare\/","url":"https:\/\/cm.upt.ro\/infrastructura-de-cercetare\/","name":"Infrastructura de cercetare - Centrul Multimedia","isPartOf":{"@id":"https:\/\/cm.upt.ro\/ro_ro\/#website"},"primaryImageOfPage":{"@id":"https:\/\/cm.upt.ro\/infrastructura-de-cercetare\/#primaryimage"},"image":{"@id":"https:\/\/cm.upt.ro\/infrastructura-de-cercetare\/#primaryimage"},"thumbnailUrl":"https:\/\/cm.upt.ro\/wp-content\/uploads\/2022\/01\/Hololens2.jpg","datePublished":"2021-04-04T18:48:48+00:00","dateModified":"2022-05-27T06:18:13+00:00","breadcrumb":{"@id":"https:\/\/cm.upt.ro\/infrastructura-de-cercetare\/#breadcrumb"},"inLanguage":"ro-RO","potentialAction":[{"@type":"ReadAction","target":["https:\/\/cm.upt.ro\/infrastructura-de-cercetare\/"]}]},{"@type":"ImageObject","inLanguage":"ro-RO","@id":"https:\/\/cm.upt.ro\/infrastructura-de-cercetare\/#primaryimage","url":"https:\/\/cm.upt.ro\/wp-content\/uploads\/2022\/01\/Hololens2.jpg","contentUrl":"https:\/\/cm.upt.ro\/wp-content\/uploads\/2022\/01\/Hololens2.jpg"},{"@type":"BreadcrumbList","@id":"https:\/\/cm.upt.ro\/infrastructura-de-cercetare\/#breadcrumb","itemListElement":[{"@type":"ListItem","position":1,"name":"Prima pagin\u0103","item":"https:\/\/cm.upt.ro\/"},{"@type":"ListItem","position":2,"name":"Infrastructura de cercetare"}]},{"@type":"WebSite","@id":"https:\/\/cm.upt.ro\/ro_ro\/#website","url":"https:\/\/cm.upt.ro\/ro_ro\/","name":"Centrul Multimedia","description":"Oferim acces la tehnologiile informationale studentilor, colaboratorilor si membrilor comunitatilor din care facem parte.","potentialAction":[{"@type":"SearchAction","target":{"@type":"EntryPoint","urlTemplate":"https:\/\/cm.upt.ro\/ro_ro\/?s={search_term_string}"},"query-input":{"@type":"PropertyValueSpecification","valueRequired":true,"valueName":"search_term_string"}}],"inLanguage":"ro-RO"}]}},"_links":{"self":[{"href":"https:\/\/cm.upt.ro\/ro_ro\/wp-json\/wp\/v2\/pages\/876","targetHints":{"allow":["GET"]}}],"collection":[{"href":"https:\/\/cm.upt.ro\/ro_ro\/wp-json\/wp\/v2\/pages"}],"about":[{"href":"https:\/\/cm.upt.ro\/ro_ro\/wp-json\/wp\/v2\/types\/page"}],"author":[{"embeddable":true,"href":"https:\/\/cm.upt.ro\/ro_ro\/wp-json\/wp\/v2\/users\/5"}],"replies":[{"embeddable":true,"href":"https:\/\/cm.upt.ro\/ro_ro\/wp-json\/wp\/v2\/comments?post=876"}],"version-history":[{"count":0,"href":"https:\/\/cm.upt.ro\/ro_ro\/wp-json\/wp\/v2\/pages\/876\/revisions"}],"wp:attachment":[{"href":"https:\/\/cm.upt.ro\/ro_ro\/wp-json\/wp\/v2\/media?parent=876"}],"curies":[{"name":"wp","href":"https:\/\/api.w.org\/{rel}","templated":true}]}}