{"id":691,"date":"2020-06-13T18:28:22","date_gmt":"2020-06-13T15:28:22","guid":{"rendered":"http:\/\/cm.upt.ro\/?page_id=691"},"modified":"2020-06-16T13:54:14","modified_gmt":"2020-06-16T10:54:14","slug":"tur-virtual","status":"publish","type":"page","link":"https:\/\/cm.upt.ro\/ro_ro\/tur-virtual\/","title":{"rendered":"Tur Virtual"},"content":{"rendered":"<p style=\"text-align: center;\">Intr\u0103 pentru a descoperi mediul de \u00eenv\u0103\u021b\u0103m\u00e2nt pe care \u00eel oferim!<\/p>\n<p><span style=\"font-family: Courier New;\"><!-- ipanorama begin --><div class=\"ipanorama ipnrm-1\" data-json-src=\"https:\/\/cm.upt.ro\/ro_ro\/wp-json\/ipanorama\/v1\/item\/1\" data-item-id=\"1\" style=\"display:none;\"><div class=\"ipnrm-store\" style=\"display:none;\">\n<div class=\"ipnrm-scene\" data-scene-id=\"29b730b2\">\n<div class=\"ipnrm-markers-data\">\n<\/div>\n<div class=\"ipnrm-tooltips-data\">\n<div class=\"ipnrm-data\" data-marker-id=\"058277bb\">\n<p><strong>Laboratoare<\/strong><\/p>\n<\/div>\n<\/div>\n<div class=\"ipnrm-popovers-data\">\n<\/div>\n<\/div>\n<div class=\"ipnrm-scene\" data-scene-id=\"e2751ced\">\n<div class=\"ipnrm-markers-data\">\n<\/div>\n<div class=\"ipnrm-tooltips-data\">\n<div class=\"ipnrm-data\" data-marker-id=\"a1eb620b\">\n<p><strong>B227<\/strong><\/p>\n<\/div>\n<div class=\"ipnrm-data\" data-marker-id=\"801a692b\">\n<p><strong>B226<\/strong><\/p>\n<\/div>\n<div class=\"ipnrm-data\" data-marker-id=\"8154f5bc\">\n<p><strong>Iesire<\/strong><\/p>\n<\/div>\n<\/div>\n<div class=\"ipnrm-popovers-data\">\n<\/div>\n<\/div>\n<div class=\"ipnrm-scene\" data-scene-id=\"d5145866\">\n<div class=\"ipnrm-markers-data\">\n<\/div>\n<div class=\"ipnrm-tooltips-data\">\n<div class=\"ipnrm-data\" data-marker-id=\"2effac28\">\n<p><strong>Iesire<\/strong><\/p>\n<\/div>\n<div class=\"ipnrm-data\" data-marker-id=\"073d3a50\">\n<p><strong>O alta perspectiva a salii B227<\/strong><\/p>\n<\/div>\n<\/div>\n<div class=\"ipnrm-popovers-data\">\n<\/div>\n<\/div>\n<div class=\"ipnrm-scene\" data-scene-id=\"3a617cde\">\n<div class=\"ipnrm-markers-data\">\n<\/div>\n<div class=\"ipnrm-tooltips-data\">\n<div class=\"ipnrm-data\" data-marker-id=\"9430bf90\">\n<p><strong>Iesire<\/strong><\/p>\n<\/div>\n<\/div>\n<div class=\"ipnrm-popovers-data\">\n<\/div>\n<\/div>\n<div class=\"ipnrm-scene\" data-scene-id=\"79c1cbd6\">\n<div class=\"ipnrm-markers-data\">\n<\/div>\n<div class=\"ipnrm-tooltips-data\">\n<div class=\"ipnrm-data\" data-marker-id=\"a8a2c461\">\n<p><strong>Iesire<\/strong><\/p>\n<\/div>\n<div class=\"ipnrm-data\" data-marker-id=\"26c43873\">\n<p><strong>Iesire<\/strong><\/p>\n<\/div>\n<\/div>\n<div class=\"ipnrm-popovers-data\">\n<\/div>\n<\/div>\n<div class=\"ipnrm-scene\" data-scene-id=\"43a097a2\">\n<div class=\"ipnrm-markers-data\">\n<\/div>\n<div class=\"ipnrm-tooltips-data\">\n<div class=\"ipnrm-data\" data-marker-id=\"531c1765\">\n<p><strong>Iesire<\/strong><\/p>\n<\/div>\n<div class=\"ipnrm-data\" data-marker-id=\"5ba2d202\">\n<p><strong>O alta perspectiva a salii B225<\/strong><\/p>\n<\/div>\n<\/div>\n<div class=\"ipnrm-popovers-data\">\n<\/div>\n<\/div>\n<div class=\"ipnrm-scene\" data-scene-id=\"36558084\">\n<div class=\"ipnrm-markers-data\">\n<\/div>\n<div class=\"ipnrm-tooltips-data\">\n<div class=\"ipnrm-data\" data-marker-id=\"b53a9bcc\">\n<p><strong>Iesire<\/strong><\/p>\n<\/div>\n<\/div>\n<div class=\"ipnrm-popovers-data\">\n<\/div>\n<\/div>\n<div class=\"ipnrm-scene\" data-scene-id=\"1f6c7eed\">\n<div class=\"ipnrm-markers-data\">\n<\/div>\n<div class=\"ipnrm-tooltips-data\">\n<div class=\"ipnrm-data\" data-marker-id=\"ad240cd8\">\n<p><strong>B226<\/strong><\/p>\n<\/div>\n<div class=\"ipnrm-data\" data-marker-id=\"d90ce165\">\n<p><strong>B227<\/strong><\/p>\n<\/div>\n<div class=\"ipnrm-data\" data-marker-id=\"30bed7e3\">\n<p><strong>Iesire<\/strong><\/p>\n<\/div>\n<\/div>\n<div class=\"ipnrm-popovers-data\">\n<\/div>\n<\/div>\n<div class=\"ipnrm-scene\" data-scene-id=\"5d951094\">\n<div class=\"ipnrm-markers-data\">\n<\/div>\n<div class=\"ipnrm-tooltips-data\">\n<div class=\"ipnrm-data\" data-marker-id=\"e43efadd\">\n<p><strong>Iesire<\/strong><\/p>\n<\/div>\n<div class=\"ipnrm-data\" data-marker-id=\"99a99c86\">\n<p><strong>O alta perspectiva a salii B226<\/strong><\/p>\n<\/div>\n<\/div>\n<div class=\"ipnrm-popovers-data\">\n<\/div>\n<\/div>\n<div class=\"ipnrm-scene\" data-scene-id=\"7d32aa11\">\n<div class=\"ipnrm-markers-data\">\n<\/div>\n<div class=\"ipnrm-tooltips-data\">\n<div class=\"ipnrm-data\" data-marker-id=\"8ea59d05\">\n<p><strong>Iesire<\/strong><\/p>\n<\/div>\n<\/div>\n<div class=\"ipnrm-popovers-data\">\n<\/div>\n<\/div>\n<div class=\"ipnrm-scene\" data-scene-id=\"1e7414b7\">\n<div class=\"ipnrm-markers-data\">\n<\/div>\n<div class=\"ipnrm-tooltips-data\">\n<div class=\"ipnrm-data\" data-marker-id=\"d362a9ac\">\n<p><strong>Iesire<\/strong><\/p>\n<\/div>\n<div class=\"ipnrm-data\" data-marker-id=\"73d26b0e\">\n<p><strong>B227<\/strong><\/p>\n<\/div>\n<div class=\"ipnrm-data\" data-marker-id=\"952e6cb2\">\n<p><strong>B225<\/strong><\/p>\n<\/div>\n<div class=\"ipnrm-data\" data-marker-id=\"42265002\">\n<p><strong>B226<\/strong><\/p>\n<\/div>\n<\/div>\n<div class=\"ipnrm-popovers-data\">\n<\/div>\n<\/div>\n<\/div><\/div><!-- ipanorama end --><\/span><\/p>\n","protected":false},"excerpt":{"rendered":"<p>Intr\u0103 pentru a descoperi mediul de \u00eenv\u0103\u021b\u0103m\u00e2nt pe care \u00eel oferim!<\/p>\n","protected":false},"author":5,"featured_media":0,"parent":0,"menu_order":0,"comment_status":"closed","ping_status":"closed","template":"","meta":{"cybocfi_hide_featured_image":"","footnotes":""},"class_list":["post-691","page","type-page","status-publish","hentry"],"yoast_head":"<!-- This site is optimized with the Yoast SEO plugin v27.3 - https:\/\/yoast.com\/product\/yoast-seo-wordpress\/ -->\n<title>Tur Virtual - Centrul Multimedia<\/title>\n<meta name=\"robots\" content=\"index, follow, max-snippet:-1, max-image-preview:large, max-video-preview:-1\" \/>\n<link rel=\"canonical\" href=\"https:\/\/cm.upt.ro\/ro_ro\/tur-virtual\/\" \/>\n<meta property=\"og:locale\" content=\"ro_RO\" \/>\n<meta property=\"og:type\" content=\"article\" \/>\n<meta property=\"og:title\" content=\"Tur Virtual - Centrul Multimedia\" \/>\n<meta property=\"og:description\" content=\"Intr\u0103 pentru a descoperi mediul de \u00eenv\u0103\u021b\u0103m\u00e2nt pe care \u00eel oferim!\" \/>\n<meta property=\"og:url\" content=\"https:\/\/cm.upt.ro\/ro_ro\/tur-virtual\/\" \/>\n<meta property=\"og:site_name\" content=\"Centrul Multimedia\" \/>\n<meta property=\"article:modified_time\" content=\"2020-06-16T10:54:14+00:00\" \/>\n<meta name=\"twitter:card\" content=\"summary_large_image\" \/>\n<script type=\"application\/ld+json\" class=\"yoast-schema-graph\">{\"@context\":\"https:\\\/\\\/schema.org\",\"@graph\":[{\"@type\":\"WebPage\",\"@id\":\"https:\\\/\\\/cm.upt.ro\\\/ro_ro\\\/tur-virtual\\\/\",\"url\":\"https:\\\/\\\/cm.upt.ro\\\/ro_ro\\\/tur-virtual\\\/\",\"name\":\"Tur Virtual - Centrul Multimedia\",\"isPartOf\":{\"@id\":\"https:\\\/\\\/cm.upt.ro\\\/ro_ro\\\/#website\"},\"datePublished\":\"2020-06-13T15:28:22+00:00\",\"dateModified\":\"2020-06-16T10:54:14+00:00\",\"breadcrumb\":{\"@id\":\"https:\\\/\\\/cm.upt.ro\\\/ro_ro\\\/tur-virtual\\\/#breadcrumb\"},\"inLanguage\":\"ro-RO\",\"potentialAction\":[{\"@type\":\"ReadAction\",\"target\":[\"https:\\\/\\\/cm.upt.ro\\\/ro_ro\\\/tur-virtual\\\/\"]}]},{\"@type\":\"BreadcrumbList\",\"@id\":\"https:\\\/\\\/cm.upt.ro\\\/ro_ro\\\/tur-virtual\\\/#breadcrumb\",\"itemListElement\":[{\"@type\":\"ListItem\",\"position\":1,\"name\":\"Prima pagin\u0103\",\"item\":\"https:\\\/\\\/cm.upt.ro\\\/\"},{\"@type\":\"ListItem\",\"position\":2,\"name\":\"Tur Virtual\"}]},{\"@type\":\"WebSite\",\"@id\":\"https:\\\/\\\/cm.upt.ro\\\/ro_ro\\\/#website\",\"url\":\"https:\\\/\\\/cm.upt.ro\\\/ro_ro\\\/\",\"name\":\"Centrul Multimedia\",\"description\":\"Oferim acces la tehnologiile informationale studentilor, colaboratorilor si membrilor comunitatilor din care facem parte.\",\"potentialAction\":[{\"@type\":\"SearchAction\",\"target\":{\"@type\":\"EntryPoint\",\"urlTemplate\":\"https:\\\/\\\/cm.upt.ro\\\/ro_ro\\\/?s={search_term_string}\"},\"query-input\":{\"@type\":\"PropertyValueSpecification\",\"valueRequired\":true,\"valueName\":\"search_term_string\"}}],\"inLanguage\":\"ro-RO\"}]}<\/script>\n<!-- \/ Yoast SEO plugin. -->","yoast_head_json":{"title":"Tur Virtual - Centrul Multimedia","robots":{"index":"index","follow":"follow","max-snippet":"max-snippet:-1","max-image-preview":"max-image-preview:large","max-video-preview":"max-video-preview:-1"},"canonical":"https:\/\/cm.upt.ro\/ro_ro\/tur-virtual\/","og_locale":"ro_RO","og_type":"article","og_title":"Tur Virtual - Centrul Multimedia","og_description":"Intr\u0103 pentru a descoperi mediul de \u00eenv\u0103\u021b\u0103m\u00e2nt pe care \u00eel oferim!","og_url":"https:\/\/cm.upt.ro\/ro_ro\/tur-virtual\/","og_site_name":"Centrul Multimedia","article_modified_time":"2020-06-16T10:54:14+00:00","twitter_card":"summary_large_image","schema":{"@context":"https:\/\/schema.org","@graph":[{"@type":"WebPage","@id":"https:\/\/cm.upt.ro\/ro_ro\/tur-virtual\/","url":"https:\/\/cm.upt.ro\/ro_ro\/tur-virtual\/","name":"Tur Virtual - Centrul Multimedia","isPartOf":{"@id":"https:\/\/cm.upt.ro\/ro_ro\/#website"},"datePublished":"2020-06-13T15:28:22+00:00","dateModified":"2020-06-16T10:54:14+00:00","breadcrumb":{"@id":"https:\/\/cm.upt.ro\/ro_ro\/tur-virtual\/#breadcrumb"},"inLanguage":"ro-RO","potentialAction":[{"@type":"ReadAction","target":["https:\/\/cm.upt.ro\/ro_ro\/tur-virtual\/"]}]},{"@type":"BreadcrumbList","@id":"https:\/\/cm.upt.ro\/ro_ro\/tur-virtual\/#breadcrumb","itemListElement":[{"@type":"ListItem","position":1,"name":"Prima pagin\u0103","item":"https:\/\/cm.upt.ro\/"},{"@type":"ListItem","position":2,"name":"Tur Virtual"}]},{"@type":"WebSite","@id":"https:\/\/cm.upt.ro\/ro_ro\/#website","url":"https:\/\/cm.upt.ro\/ro_ro\/","name":"Centrul Multimedia","description":"Oferim acces la tehnologiile informationale studentilor, colaboratorilor si membrilor comunitatilor din care facem parte.","potentialAction":[{"@type":"SearchAction","target":{"@type":"EntryPoint","urlTemplate":"https:\/\/cm.upt.ro\/ro_ro\/?s={search_term_string}"},"query-input":{"@type":"PropertyValueSpecification","valueRequired":true,"valueName":"search_term_string"}}],"inLanguage":"ro-RO"}]}},"_links":{"self":[{"href":"https:\/\/cm.upt.ro\/ro_ro\/wp-json\/wp\/v2\/pages\/691","targetHints":{"allow":["GET"]}}],"collection":[{"href":"https:\/\/cm.upt.ro\/ro_ro\/wp-json\/wp\/v2\/pages"}],"about":[{"href":"https:\/\/cm.upt.ro\/ro_ro\/wp-json\/wp\/v2\/types\/page"}],"author":[{"embeddable":true,"href":"https:\/\/cm.upt.ro\/ro_ro\/wp-json\/wp\/v2\/users\/5"}],"replies":[{"embeddable":true,"href":"https:\/\/cm.upt.ro\/ro_ro\/wp-json\/wp\/v2\/comments?post=691"}],"version-history":[{"count":0,"href":"https:\/\/cm.upt.ro\/ro_ro\/wp-json\/wp\/v2\/pages\/691\/revisions"}],"wp:attachment":[{"href":"https:\/\/cm.upt.ro\/ro_ro\/wp-json\/wp\/v2\/media?parent=691"}],"curies":[{"name":"wp","href":"https:\/\/api.w.org\/{rel}","templated":true}]}}