{"id":3209,"date":"2022-03-07T16:35:01","date_gmt":"2022-03-07T14:35:01","guid":{"rendered":"https:\/\/www.cm.upt.ro\/?page_id=3209"},"modified":"2022-03-07T16:44:03","modified_gmt":"2022-03-07T14:44:03","slug":"traineri-startupt","status":"publish","type":"page","link":"https:\/\/cm.upt.ro\/ro_ro\/traineri-startupt\/","title":{"rendered":"Traineri StartUPT"},"content":{"rendered":"\t\t<div data-elementor-type=\"wp-page\" data-elementor-id=\"3209\" class=\"elementor elementor-3209\">\n\t\t\t\t\t\t<section class=\"elementor-section elementor-top-section elementor-element elementor-element-c0146f1 elementor-section-boxed elementor-section-height-default elementor-section-height-default\" data-id=\"c0146f1\" data-element_type=\"section\" data-e-type=\"section\">\n\t\t\t\t\t\t<div class=\"elementor-container elementor-column-gap-default\">\n\t\t\t\t\t<div class=\"elementor-column elementor-col-100 elementor-top-column elementor-element elementor-element-d48c5d1\" data-id=\"d48c5d1\" data-element_type=\"column\" data-e-type=\"column\">\n\t\t\t<div class=\"elementor-widget-wrap elementor-element-populated\">\n\t\t\t\t\t\t<div class=\"elementor-element elementor-element-a23439a elementor-widget elementor-widget-text-editor\" data-id=\"a23439a\" data-element_type=\"widget\" data-e-type=\"widget\" data-widget_type=\"text-editor.default\">\n\t\t\t\t<div class=\"elementor-widget-container\">\n\t\t\t\t\t\t\t\t\t<p><em><strong>Traineri StartUPT &#8211; Curs de competen\u021be antreprenoriale<\/strong><\/em><\/p>\n\t\t\t\t\t\t\t\t<\/div>\n\t\t\t\t<\/div>\n\t\t\t\t<div class=\"elementor-element elementor-element-78e44e2 elementor-widget elementor-widget-image\" data-id=\"78e44e2\" data-element_type=\"widget\" data-e-type=\"widget\" data-widget_type=\"image.default\">\n\t\t\t\t<div class=\"elementor-widget-container\">\n\t\t\t\t\t\t\t\t\t\t\t\t\t\t\t<img decoding=\"async\" width=\"150\" height=\"150\" src=\"https:\/\/cm.upt.ro\/wp-content\/uploads\/2022\/03\/Cartolina-StartUPT_Curs-de-competente-antreprenoriale_after-feedback-1-150x150.png\" class=\"attachment-thumbnail size-thumbnail wp-image-3212\" alt=\"\" \/>\t\t\t\t\t\t\t\t\t\t\t\t\t\t\t<\/div>\n\t\t\t\t<\/div>\n\t\t\t\t<div class=\"elementor-element elementor-element-337b00c elementor-widget elementor-widget-text-editor\" data-id=\"337b00c\" data-element_type=\"widget\" data-e-type=\"widget\" data-widget_type=\"text-editor.default\">\n\t\t\t\t<div class=\"elementor-widget-container\">\n\t\t\t\t\t\t\t\t\t<p><strong>Claudia Cordea<\/strong> este doctor \u00een management \u0219i antreprenoriat, formator \u0219i cadru didactic asociat la Universitatea de Vest Timi\u0219oara. A fost Pre\u0219edinte Na\u021bional Junior Chamber International Rom\u00e2nia \u0219i are experien\u021b\u0103 de peste 11 ani \u00een scrierea \u0219i implementarea proiectelor cu finan\u021bare nerambursabil\u0103 din programe precum POCU, InterREG, POSDRU \u0219i CNFIS-FDI.<\/p>\n<p><strong>Giana B\u0103lan<\/strong> este consultant \u0219i trainer, cu o experien\u021b\u0103 de 14 ani \u00een coordonarea de proiecte de dezvoltare \u0219i inovare. A condus sesiuni de instruire pe teme precum: antreprenoriat, management de proiect, accesare fonduri europene, analiz\u0103 economico-financiar\u0103 \u0219i analiz\u0103 cost-beneficiu.<\/p>\n<p><strong>Dafina C\u00eempean<\/strong> este director de marketing cu peste 13 ani de experien\u021b\u0103 \u00een domeniu, fiind nominalizat\u0103 la sec\u021biunea \u201eDirectorul de Marketing al Anului 2018\u201d \u00een cadrul Romanian Top Hotel Awards. Este autoarea a 3 volume cu statut \u0219tiin\u021bific, profesional \u0219i cultural, \u0219i a fost mentor la EduHack 2021.<\/p>\n<p><strong>Lavinia Iancu<\/strong> este specialist\u0103 \u00een PR\/OJECT MANAGEMENT, doctorand\u0103 \u00een management \u0219i cadru didactic asociat \u00een cadrul Academiei de Studii Economice din Bucure\u0219ti. Este Fondatoare &amp; CEO \u00een cadrul SUSTENOBIL PR\/ODUCTION \u0219i ReFEEL Solutions, organiza\u021bii distinse cu Biz Sustainability Awards pentru Inova\u021bie \u00een Digital.<\/p>\n\t\t\t\t\t\t\t\t<\/div>\n\t\t\t\t<\/div>\n\t\t\t\t\t<\/div>\n\t\t<\/div>\n\t\t\t\t\t<\/div>\n\t\t<\/section>\n\t\t\t\t<\/div>\n\t\t","protected":false},"excerpt":{"rendered":"<p>Traineri StartUPT &#8211; Curs de competen\u021be antreprenoriale Claudia Cordea este doctor \u00een management \u0219i antreprenoriat, formator \u0219i cadru didactic asociat la Universitatea de Vest Timi\u0219oara. A fost Pre\u0219edinte Na\u021bional Junior Chamber International Rom\u00e2nia \u0219i are experien\u021b\u0103 de peste 11 ani \u00een scrierea \u0219i implementarea proiectelor cu finan\u021bare nerambursabil\u0103 din programe precum POCU, InterREG, POSDRU \u0219i [&hellip;]<\/p>\n","protected":false},"author":5,"featured_media":0,"parent":0,"menu_order":0,"comment_status":"closed","ping_status":"closed","template":"","meta":{"cybocfi_hide_featured_image":"","footnotes":""},"class_list":["post-3209","page","type-page","status-publish","hentry"],"yoast_head":"<!-- This site is optimized with the Yoast SEO plugin v27.4 - https:\/\/yoast.com\/product\/yoast-seo-wordpress\/ -->\n<title>Traineri StartUPT - Centrul Multimedia<\/title>\n<meta name=\"robots\" content=\"index, follow, max-snippet:-1, max-image-preview:large, max-video-preview:-1\" \/>\n<link rel=\"canonical\" href=\"https:\/\/cm.upt.ro\/ro_ro\/traineri-startupt\/\" \/>\n<meta property=\"og:locale\" content=\"ro_RO\" \/>\n<meta property=\"og:type\" content=\"article\" \/>\n<meta property=\"og:title\" content=\"Traineri StartUPT - Centrul Multimedia\" \/>\n<meta property=\"og:description\" content=\"Traineri StartUPT &#8211; Curs de competen\u021be antreprenoriale Claudia Cordea este doctor \u00een management \u0219i antreprenoriat, formator \u0219i cadru didactic asociat la Universitatea de Vest Timi\u0219oara. A fost Pre\u0219edinte Na\u021bional Junior Chamber International Rom\u00e2nia \u0219i are experien\u021b\u0103 de peste 11 ani \u00een scrierea \u0219i implementarea proiectelor cu finan\u021bare nerambursabil\u0103 din programe precum POCU, InterREG, POSDRU \u0219i [&hellip;]\" \/>\n<meta property=\"og:url\" content=\"https:\/\/cm.upt.ro\/ro_ro\/traineri-startupt\/\" \/>\n<meta property=\"og:site_name\" content=\"Centrul Multimedia\" \/>\n<meta property=\"article:modified_time\" content=\"2022-03-07T14:44:03+00:00\" \/>\n<meta property=\"og:image\" content=\"https:\/\/cm.upt.ro\/wp-content\/uploads\/2022\/03\/Cartolina-StartUPT_Curs-de-competente-antreprenoriale_after-feedback-1.png\" \/>\n<meta name=\"twitter:card\" content=\"summary_large_image\" \/>\n<meta name=\"twitter:label1\" content=\"Timp estimat pentru citire\" \/>\n\t<meta name=\"twitter:data1\" content=\"2 minute\" \/>\n<script type=\"application\/ld+json\" class=\"yoast-schema-graph\">{\"@context\":\"https:\\\/\\\/schema.org\",\"@graph\":[{\"@type\":\"WebPage\",\"@id\":\"https:\\\/\\\/cm.upt.ro\\\/traineri-startupt\\\/\",\"url\":\"https:\\\/\\\/cm.upt.ro\\\/traineri-startupt\\\/\",\"name\":\"Traineri StartUPT - Centrul Multimedia\",\"isPartOf\":{\"@id\":\"https:\\\/\\\/cm.upt.ro\\\/ro_ro\\\/#website\"},\"primaryImageOfPage\":{\"@id\":\"https:\\\/\\\/cm.upt.ro\\\/traineri-startupt\\\/#primaryimage\"},\"image\":{\"@id\":\"https:\\\/\\\/cm.upt.ro\\\/traineri-startupt\\\/#primaryimage\"},\"thumbnailUrl\":\"https:\\\/\\\/cm.upt.ro\\\/wp-content\\\/uploads\\\/2022\\\/03\\\/Cartolina-StartUPT_Curs-de-competente-antreprenoriale_after-feedback-1.png\",\"datePublished\":\"2022-03-07T14:35:01+00:00\",\"dateModified\":\"2022-03-07T14:44:03+00:00\",\"breadcrumb\":{\"@id\":\"https:\\\/\\\/cm.upt.ro\\\/traineri-startupt\\\/#breadcrumb\"},\"inLanguage\":\"ro-RO\",\"potentialAction\":[{\"@type\":\"ReadAction\",\"target\":[\"https:\\\/\\\/cm.upt.ro\\\/traineri-startupt\\\/\"]}]},{\"@type\":\"ImageObject\",\"inLanguage\":\"ro-RO\",\"@id\":\"https:\\\/\\\/cm.upt.ro\\\/traineri-startupt\\\/#primaryimage\",\"url\":\"https:\\\/\\\/cm.upt.ro\\\/wp-content\\\/uploads\\\/2022\\\/03\\\/Cartolina-StartUPT_Curs-de-competente-antreprenoriale_after-feedback-1.png\",\"contentUrl\":\"https:\\\/\\\/cm.upt.ro\\\/wp-content\\\/uploads\\\/2022\\\/03\\\/Cartolina-StartUPT_Curs-de-competente-antreprenoriale_after-feedback-1.png\"},{\"@type\":\"BreadcrumbList\",\"@id\":\"https:\\\/\\\/cm.upt.ro\\\/traineri-startupt\\\/#breadcrumb\",\"itemListElement\":[{\"@type\":\"ListItem\",\"position\":1,\"name\":\"Prima pagin\u0103\",\"item\":\"https:\\\/\\\/cm.upt.ro\\\/\"},{\"@type\":\"ListItem\",\"position\":2,\"name\":\"Traineri StartUPT\"}]},{\"@type\":\"WebSite\",\"@id\":\"https:\\\/\\\/cm.upt.ro\\\/ro_ro\\\/#website\",\"url\":\"https:\\\/\\\/cm.upt.ro\\\/ro_ro\\\/\",\"name\":\"Centrul Multimedia\",\"description\":\"Oferim acces la tehnologiile informationale studentilor, colaboratorilor si membrilor comunitatilor din care facem parte.\",\"potentialAction\":[{\"@type\":\"SearchAction\",\"target\":{\"@type\":\"EntryPoint\",\"urlTemplate\":\"https:\\\/\\\/cm.upt.ro\\\/ro_ro\\\/?s={search_term_string}\"},\"query-input\":{\"@type\":\"PropertyValueSpecification\",\"valueRequired\":true,\"valueName\":\"search_term_string\"}}],\"inLanguage\":\"ro-RO\"}]}<\/script>\n<!-- \/ Yoast SEO plugin. -->","yoast_head_json":{"title":"Traineri StartUPT - Centrul Multimedia","robots":{"index":"index","follow":"follow","max-snippet":"max-snippet:-1","max-image-preview":"max-image-preview:large","max-video-preview":"max-video-preview:-1"},"canonical":"https:\/\/cm.upt.ro\/ro_ro\/traineri-startupt\/","og_locale":"ro_RO","og_type":"article","og_title":"Traineri StartUPT - Centrul Multimedia","og_description":"Traineri StartUPT &#8211; Curs de competen\u021be antreprenoriale Claudia Cordea este doctor \u00een management \u0219i antreprenoriat, formator \u0219i cadru didactic asociat la Universitatea de Vest Timi\u0219oara. A fost Pre\u0219edinte Na\u021bional Junior Chamber International Rom\u00e2nia \u0219i are experien\u021b\u0103 de peste 11 ani \u00een scrierea \u0219i implementarea proiectelor cu finan\u021bare nerambursabil\u0103 din programe precum POCU, InterREG, POSDRU \u0219i [&hellip;]","og_url":"https:\/\/cm.upt.ro\/ro_ro\/traineri-startupt\/","og_site_name":"Centrul Multimedia","article_modified_time":"2022-03-07T14:44:03+00:00","og_image":[{"url":"https:\/\/cm.upt.ro\/wp-content\/uploads\/2022\/03\/Cartolina-StartUPT_Curs-de-competente-antreprenoriale_after-feedback-1.png","type":"","width":"","height":""}],"twitter_card":"summary_large_image","twitter_misc":{"Timp estimat pentru citire":"2 minute"},"schema":{"@context":"https:\/\/schema.org","@graph":[{"@type":"WebPage","@id":"https:\/\/cm.upt.ro\/traineri-startupt\/","url":"https:\/\/cm.upt.ro\/traineri-startupt\/","name":"Traineri StartUPT - Centrul Multimedia","isPartOf":{"@id":"https:\/\/cm.upt.ro\/ro_ro\/#website"},"primaryImageOfPage":{"@id":"https:\/\/cm.upt.ro\/traineri-startupt\/#primaryimage"},"image":{"@id":"https:\/\/cm.upt.ro\/traineri-startupt\/#primaryimage"},"thumbnailUrl":"https:\/\/cm.upt.ro\/wp-content\/uploads\/2022\/03\/Cartolina-StartUPT_Curs-de-competente-antreprenoriale_after-feedback-1.png","datePublished":"2022-03-07T14:35:01+00:00","dateModified":"2022-03-07T14:44:03+00:00","breadcrumb":{"@id":"https:\/\/cm.upt.ro\/traineri-startupt\/#breadcrumb"},"inLanguage":"ro-RO","potentialAction":[{"@type":"ReadAction","target":["https:\/\/cm.upt.ro\/traineri-startupt\/"]}]},{"@type":"ImageObject","inLanguage":"ro-RO","@id":"https:\/\/cm.upt.ro\/traineri-startupt\/#primaryimage","url":"https:\/\/cm.upt.ro\/wp-content\/uploads\/2022\/03\/Cartolina-StartUPT_Curs-de-competente-antreprenoriale_after-feedback-1.png","contentUrl":"https:\/\/cm.upt.ro\/wp-content\/uploads\/2022\/03\/Cartolina-StartUPT_Curs-de-competente-antreprenoriale_after-feedback-1.png"},{"@type":"BreadcrumbList","@id":"https:\/\/cm.upt.ro\/traineri-startupt\/#breadcrumb","itemListElement":[{"@type":"ListItem","position":1,"name":"Prima pagin\u0103","item":"https:\/\/cm.upt.ro\/"},{"@type":"ListItem","position":2,"name":"Traineri StartUPT"}]},{"@type":"WebSite","@id":"https:\/\/cm.upt.ro\/ro_ro\/#website","url":"https:\/\/cm.upt.ro\/ro_ro\/","name":"Centrul Multimedia","description":"Oferim acces la tehnologiile informationale studentilor, colaboratorilor si membrilor comunitatilor din care facem parte.","potentialAction":[{"@type":"SearchAction","target":{"@type":"EntryPoint","urlTemplate":"https:\/\/cm.upt.ro\/ro_ro\/?s={search_term_string}"},"query-input":{"@type":"PropertyValueSpecification","valueRequired":true,"valueName":"search_term_string"}}],"inLanguage":"ro-RO"}]}},"_links":{"self":[{"href":"https:\/\/cm.upt.ro\/ro_ro\/wp-json\/wp\/v2\/pages\/3209","targetHints":{"allow":["GET"]}}],"collection":[{"href":"https:\/\/cm.upt.ro\/ro_ro\/wp-json\/wp\/v2\/pages"}],"about":[{"href":"https:\/\/cm.upt.ro\/ro_ro\/wp-json\/wp\/v2\/types\/page"}],"author":[{"embeddable":true,"href":"https:\/\/cm.upt.ro\/ro_ro\/wp-json\/wp\/v2\/users\/5"}],"replies":[{"embeddable":true,"href":"https:\/\/cm.upt.ro\/ro_ro\/wp-json\/wp\/v2\/comments?post=3209"}],"version-history":[{"count":0,"href":"https:\/\/cm.upt.ro\/ro_ro\/wp-json\/wp\/v2\/pages\/3209\/revisions"}],"wp:attachment":[{"href":"https:\/\/cm.upt.ro\/ro_ro\/wp-json\/wp\/v2\/media?parent=3209"}],"curies":[{"name":"wp","href":"https:\/\/api.w.org\/{rel}","templated":true}]}}